{"id":46,"date":"2022-12-05T17:50:25","date_gmt":"2022-12-05T21:50:25","guid":{"rendered":"http:\/\/caminoacasallr.org\/?page_id=46"},"modified":"2023-04-28T17:39:03","modified_gmt":"2023-04-28T21:39:03","slug":"sobre-el-programa","status":"publish","type":"page","link":"https:\/\/caminoacasallr.org\/en\/sobre-el-programa\/","title":{"rendered":"About the Program"},"content":{"rendered":"<h1>\n\t\tAbout the Program\n\t<\/h1>\n\t<p>El programa de \u00abLandlord Engament\u00bb, tambi\u00e9n conocido como \u00abLandlord Recruitment\u00bb est\u00e1 dise\u00f1ado para atraer a los arrendadores a trav\u00e9s de incentivos para promover los arrendamientos a familias sin hogar o en riesgo de quedar sin hogar y otras familias vulnerables.<\/p>\n<h3>\n\t\tProgram Purposes\n\t<\/h3>\n\t\t\t\t<img decoding=\"async\" src=\"https:\/\/lite.demos.wpbeaverbuilder.com\/wp-content\/uploads\/sites\/28\/2020\/02\/photo-1516321318423-f06f85e504b3-768x768-1.jpg\" alt=\"\" itemprop=\"image\" onerror=\"this.style.display='none'\"  \/>\n<h3>\n\t\tIncentives include:\n\t<\/h3>\n\t<ul>\n<li>A housing listing connecting the landlords to tenants.<\/li>\n<li>Consistent and on-time payments.<\/li>\n<li>Includes two month rental deposit, first and last month payment.<\/li>\n<li>Case manager assistance and conflict resolution.<\/li>\n<li>Assistance in qualifying your property for rental, including defraying expenses related to minor improvements necessary to qualify, such as the installation of a refrigerator, stove, or heater for the tenant.<\/li>\n<\/ul>\n<h3>\n\t\tTo participate in the program, landlords must:\n\t<\/h3>\n\t<ul>\n<li>Own the property.<\/li>\n<li>Be up to date with the utilities in the property.<\/li>\n<li>Pass the program habitability inspection.<\/li>\n<\/ul>\n\t\t\t\t<img decoding=\"async\" src=\"https:\/\/lite.demos.wpbeaverbuilder.com\/wp-content\/uploads\/sites\/28\/2020\/02\/field-notes-768x768-3.jpg\" alt=\"\" itemprop=\"image\" onerror=\"this.style.display='none'\"  \/>\n<h3>\n\t\tProcess to Become an Approved Landlord\n\t<\/h3>\n\t<ol>\n<li class=\"translation-block\">If you meet the eligibility criteria, complete the <a href=\"http:\/\/caminoacasallr.org\/en\/solicitud-arrendadores\/\" target=\"_self\"><u>Participating Landlord application<\/u><\/a>, or call 787-405-9748.<\/li>\n<li>Participate in orientation with the housing coordinator.<\/li>\n<li>Coordinate home inspection with the program.<\/li>\n<li>The property will be added to the Properties Portal.<\/li>\n<li>Evaluate the tenant\u2019s request.<\/li>\n<li>Accept the tenant and sign the lease.<\/li>\n<li>Receive the deposit payment, first and last month payment form our housing division.<\/li>\n<\/ol>\n\t\t\t<a href=\"http:\/\/caminoacasallr.org\/en\/solicitud-arrendadores\/\" target=\"_self\" role=\"button\" rel=\"noopener\">\n\t\t\t\t\t\t\tLandlord Request Form\n\t\t\t<\/a>\n<h3>\n\t\tQueries or questions?\n\t<\/h3>\n\t<p>Write us a message, and we will contact you shortly<\/p>\n\t\t\t<a href=\"http:\/\/caminoacasallr.org\/en\/contacto\/\" target=\"_self\" role=\"button\" rel=\"noopener\">\n\t\t\t\t\t\t\tContact Us\n\t\t\t<\/a>","protected":false},"excerpt":{"rendered":"<p>Sobre el Programa El programa de \u00abLandlord Engament\u00bb, tambi\u00e9n conocido como \u00abLandlord Recruitment\u00bb est\u00e1 dise\u00f1ado para atraer a los arrendadores a trav\u00e9s de incentivos para promover los arrendamientos a familias sin hogar o en riesgo de quedar sin hogar y otras familias vulnerables. Prop\u00f3sitos del programa Los incentivos incluyen: Listado de la propiedad que conecta&#8230;<a href=\"https:\/\/caminoacasallr.org\/en\/sobre-el-programa\/\" class=\"epl-more-link\">Read More&rarr;<\/a><\/p>","protected":false},"author":1,"featured_media":0,"parent":0,"menu_order":0,"comment_status":"closed","ping_status":"closed","template":"","meta":{"site-sidebar-layout":"no-sidebar","site-content-layout":"page-builder","ast-site-content-layout":"default","site-content-style":"default","site-sidebar-style":"default","ast-global-header-display":"","ast-banner-title-visibility":"","ast-main-header-display":"","ast-hfb-above-header-display":"","ast-hfb-below-header-display":"","ast-hfb-mobile-header-display":"","site-post-title":"disabled","ast-breadcrumbs-content":"","ast-featured-img":"disabled","footer-sml-layout":"","ast-disable-related-posts":"","theme-transparent-header-meta":"","adv-header-id-meta":"","stick-header-meta":"","header-above-stick-meta":"","header-main-stick-meta":"","header-below-stick-meta":"","astra-migrate-meta-layouts":"default","ast-page-background-enabled":"default","ast-page-background-meta":{"desktop":{"background-color":"var(--ast-global-color-4)","background-image":"","background-repeat":"repeat","background-position":"center center","background-size":"auto","background-attachment":"scroll","background-type":"","background-media":"","overlay-type":"","overlay-color":"","overlay-opacity":"","overlay-gradient":""},"tablet":{"background-color":"","background-image":"","background-repeat":"repeat","background-position":"center center","background-size":"auto","background-attachment":"scroll","background-type":"","background-media":"","overlay-type":"","overlay-color":"","overlay-opacity":"","overlay-gradient":""},"mobile":{"background-color":"","background-image":"","background-repeat":"repeat","background-position":"center center","background-size":"auto","background-attachment":"scroll","background-type":"","background-media":"","overlay-type":"","overlay-color":"","overlay-opacity":"","overlay-gradient":""}},"ast-content-background-meta":{"desktop":{"background-color":"var(--ast-global-color-5)","background-image":"","background-repeat":"repeat","background-position":"center center","background-size":"auto","background-attachment":"scroll","background-type":"","background-media":"","overlay-type":"","overlay-color":"","overlay-opacity":"","overlay-gradient":""},"tablet":{"background-color":"var(--ast-global-color-5)","background-image":"","background-repeat":"repeat","background-position":"center center","background-size":"auto","background-attachment":"scroll","background-type":"","background-media":"","overlay-type":"","overlay-color":"","overlay-opacity":"","overlay-gradient":""},"mobile":{"background-color":"var(--ast-global-color-5)","background-image":"","background-repeat":"repeat","background-position":"center center","background-size":"auto","background-attachment":"scroll","background-type":"","background-media":"","overlay-type":"","overlay-color":"","overlay-opacity":"","overlay-gradient":""}},"footnotes":""},"class_list":["post-46","page","type-page","status-publish","hentry"],"_links":{"self":[{"href":"https:\/\/caminoacasallr.org\/en\/wp-json\/wp\/v2\/pages\/46","targetHints":{"allow":["GET"]}}],"collection":[{"href":"https:\/\/caminoacasallr.org\/en\/wp-json\/wp\/v2\/pages"}],"about":[{"href":"https:\/\/caminoacasallr.org\/en\/wp-json\/wp\/v2\/types\/page"}],"author":[{"embeddable":true,"href":"https:\/\/caminoacasallr.org\/en\/wp-json\/wp\/v2\/users\/1"}],"replies":[{"embeddable":true,"href":"https:\/\/caminoacasallr.org\/en\/wp-json\/wp\/v2\/comments?post=46"}],"version-history":[{"count":17,"href":"https:\/\/caminoacasallr.org\/en\/wp-json\/wp\/v2\/pages\/46\/revisions"}],"predecessor-version":[{"id":286,"href":"https:\/\/caminoacasallr.org\/en\/wp-json\/wp\/v2\/pages\/46\/revisions\/286"}],"wp:attachment":[{"href":"https:\/\/caminoacasallr.org\/en\/wp-json\/wp\/v2\/media?parent=46"}],"curies":[{"name":"wp","href":"https:\/\/api.w.org\/{rel}","templated":true}]}}