{"id":42,"date":"2022-12-05T17:49:12","date_gmt":"2022-12-05T21:49:12","guid":{"rendered":"http:\/\/caminoacasallr.org\/?page_id=42"},"modified":"2023-08-07T15:58:20","modified_gmt":"2023-08-07T19:58:20","slug":"sobre-nosotros","status":"publish","type":"page","link":"https:\/\/caminoacasallr.org\/en\/sobre-nosotros\/","title":{"rendered":"About Us"},"content":{"rendered":"<h1>\n\t\tAbout Us\n\t<\/h1>\n\t\t\t\t<img decoding=\"async\" src=\"http:\/\/caminoacasallr.org\/wp-content\/uploads\/2022\/12\/solo-por-hoy-logo.png\" alt=\"solo-por-hoy-logo\" itemprop=\"image\" title=\"solo-por-hoy-logo\" onerror=\"this.style.display='none'\"  \/>\n\t\t\t<a href=\"https:\/\/soloporhoy.org\/\" target=\"_blank\" rel=\"noopener\">\n\t\t\t\t\t\t\tKnow More\n\t\t\t<\/a>\n<h2>\n\t\tSolo Por Hoy, Inc.\n\t<\/h2>\n\t<p>Is a community-based organization founded on January 1, 2009 and registered with the Department of State under the number 56433. We are a non-profit organization dedicated to assist low-income families and individuals in crisis situations. This also include, but is not limited to substance abuse, mental health, disabilities, and homelessness. We have the Tax Exemption benefit under Section 1101.01 of the Puerto Rico Internal Revenue Code, and we are classified as 501(c)(3) organization of the Federal Internal Revenue Service.<\/p>\n<p>As an organization we constantly seek to improve the conditions for the most vulnerable families in Puerto Rico, including making viable a rental housing inventory for those in need. For this, Landlord Recruitment Program is implemented through the founds of the Emergency Solutions Program from Puerto Rico Department of Family.<\/p>\n<h3>\n\t\tMission\n\t<\/h3>\n\t<p>Assist families in crisis situations including, but not limited to, general services to families who are impoverished, homeless, with substance abuse conditions, mental health and HIV.<\/p>\n<h3>\n\t\tVission\n\t<\/h3>\n\t<p>May every family achieve a dignified life, self-sufficiency and emotional stability.<\/p>\n<h3>\n\t\tObjectives\n\t<\/h3>\n\t<p>Offer supportive services to our families through comprehensive programs that result in housing stability.<\/p>\n\t\t\t\t<img decoding=\"async\" src=\"http:\/\/caminoacasallr.org\/wp-content\/uploads\/2022\/12\/solo-por-hoy-logo.png\" alt=\"solo-por-hoy-logo\" itemprop=\"image\" title=\"solo-por-hoy-logo\" onerror=\"this.style.display='none'\"  \/>\n\t\t\t\t<img decoding=\"async\" src=\"http:\/\/caminoacasallr.org\/wp-content\/uploads\/2022\/12\/dpto-familia-logo.png\" alt=\"dpto-familia-logo\" itemprop=\"image\" title=\"dpto-familia-logo\" onerror=\"this.style.display='none'\"  \/>\n\t\t\t\t<img loading=\"lazy\" decoding=\"async\" src=\"https:\/\/caminoacasallr.org\/wp-content\/uploads\/2023\/08\/programa-ESG-logo.png\" alt=\"programa-ESG-logo\" itemprop=\"image\" height=\"300\" width=\"300\" title=\"programa-ESG-logo\" onerror=\"this.style.display='none'\"  \/>\n\t\t\t\t<img decoding=\"async\" src=\"http:\/\/caminoacasallr.org\/wp-content\/uploads\/2022\/12\/imagen-2-sin-fondo.png\" alt=\"imagen-2-sin-fondo\" itemprop=\"image\" title=\"imagen-2-sin-fondo\" onerror=\"this.style.display='none'\"  \/>\n<h3>\n\t\tQueries or questions?\n\t<\/h3>\n\t<p>Write us a message, and we will contact you shortly<\/p>\n\t\t\t<a href=\"http:\/\/caminoacasallr.org\/en\/contacto\/\" target=\"_self\" rel=\"noopener\">\n\t\t\t\t\t\t\tContact Us\n\t\t\t<\/a>","protected":false},"excerpt":{"rendered":"<p>Sobre Nosotros Conocer M\u00e1s Solo Por Hoy, Inc. Es una organizaci\u00f3n de base comunitaria fundada el 14 de enero de 2009 e inscrita en el Departamento de Estado bajo el n\u00famero 56433. Somos una organizaci\u00f3n sin fines de lucro dedicada a asistir a las familias e individuos de escasos recursos en situaciones de crisis. Esto&#8230;<a href=\"https:\/\/caminoacasallr.org\/en\/sobre-nosotros\/\" class=\"epl-more-link\">Read More&rarr;<\/a><\/p>","protected":false},"author":1,"featured_media":0,"parent":0,"menu_order":0,"comment_status":"closed","ping_status":"closed","template":"","meta":{"site-sidebar-layout":"no-sidebar","site-content-layout":"page-builder","ast-site-content-layout":"default","site-content-style":"default","site-sidebar-style":"default","ast-global-header-display":"","ast-banner-title-visibility":"","ast-main-header-display":"","ast-hfb-above-header-display":"","ast-hfb-below-header-display":"","ast-hfb-mobile-header-display":"","site-post-title":"disabled","ast-breadcrumbs-content":"","ast-featured-img":"disabled","footer-sml-layout":"","ast-disable-related-posts":"","theme-transparent-header-meta":"","adv-header-id-meta":"","stick-header-meta":"","header-above-stick-meta":"","header-main-stick-meta":"","header-below-stick-meta":"","astra-migrate-meta-layouts":"default","ast-page-background-enabled":"default","ast-page-background-meta":{"desktop":{"background-color":"var(--ast-global-color-4)","background-image":"","background-repeat":"repeat","background-position":"center center","background-size":"auto","background-attachment":"scroll","background-type":"","background-media":"","overlay-type":"","overlay-color":"","overlay-opacity":"","overlay-gradient":""},"tablet":{"background-color":"","background-image":"","background-repeat":"repeat","background-position":"center center","background-size":"auto","background-attachment":"scroll","background-type":"","background-media":"","overlay-type":"","overlay-color":"","overlay-opacity":"","overlay-gradient":""},"mobile":{"background-color":"","background-image":"","background-repeat":"repeat","background-position":"center center","background-size":"auto","background-attachment":"scroll","background-type":"","background-media":"","overlay-type":"","overlay-color":"","overlay-opacity":"","overlay-gradient":""}},"ast-content-background-meta":{"desktop":{"background-color":"var(--ast-global-color-5)","background-image":"","background-repeat":"repeat","background-position":"center center","background-size":"auto","background-attachment":"scroll","background-type":"","background-media":"","overlay-type":"","overlay-color":"","overlay-opacity":"","overlay-gradient":""},"tablet":{"background-color":"var(--ast-global-color-5)","background-image":"","background-repeat":"repeat","background-position":"center center","background-size":"auto","background-attachment":"scroll","background-type":"","background-media":"","overlay-type":"","overlay-color":"","overlay-opacity":"","overlay-gradient":""},"mobile":{"background-color":"var(--ast-global-color-5)","background-image":"","background-repeat":"repeat","background-position":"center center","background-size":"auto","background-attachment":"scroll","background-type":"","background-media":"","overlay-type":"","overlay-color":"","overlay-opacity":"","overlay-gradient":""}},"footnotes":""},"class_list":["post-42","page","type-page","status-publish","hentry"],"_links":{"self":[{"href":"https:\/\/caminoacasallr.org\/en\/wp-json\/wp\/v2\/pages\/42","targetHints":{"allow":["GET"]}}],"collection":[{"href":"https:\/\/caminoacasallr.org\/en\/wp-json\/wp\/v2\/pages"}],"about":[{"href":"https:\/\/caminoacasallr.org\/en\/wp-json\/wp\/v2\/types\/page"}],"author":[{"embeddable":true,"href":"https:\/\/caminoacasallr.org\/en\/wp-json\/wp\/v2\/users\/1"}],"replies":[{"embeddable":true,"href":"https:\/\/caminoacasallr.org\/en\/wp-json\/wp\/v2\/comments?post=42"}],"version-history":[{"count":21,"href":"https:\/\/caminoacasallr.org\/en\/wp-json\/wp\/v2\/pages\/42\/revisions"}],"predecessor-version":[{"id":354,"href":"https:\/\/caminoacasallr.org\/en\/wp-json\/wp\/v2\/pages\/42\/revisions\/354"}],"wp:attachment":[{"href":"https:\/\/caminoacasallr.org\/en\/wp-json\/wp\/v2\/media?parent=42"}],"curies":[{"name":"wp","href":"https:\/\/api.w.org\/{rel}","templated":true}]}}