{"id":10,"date":"2022-11-22T17:01:08","date_gmt":"2022-11-22T21:01:08","guid":{"rendered":"http:\/\/caminoacasallr.org\/?page_id=10"},"modified":"2025-04-30T15:07:39","modified_gmt":"2025-04-30T19:07:39","slug":"inicio","status":"publish","type":"page","link":"https:\/\/caminoacasallr.org\/en\/","title":{"rendered":"Home"},"content":{"rendered":"<h2>\n\t\tRecent Properties\n\t<\/h2>\n\t\t<div class=\"loop epl-shortcode epl-clearfix\">\n\t\t<div class=\"loop-content  epl-theme-property-blog-wrapper  epl-clearfix\">\n\t\t\t\n<div id=\"post-365\" class=\"epl-listing-post epl-property-blog epl-clearfix post-365 property type-property status-publish has-post-thumbnail hentry epl-status-current\" >\n\t<div class=\"epl-property-blog-entry-wrapper epl-clearfix\">\n\t\t\t\t\t\t\t\t\t<div class=\"property-box property-box-left property-featured-image-wrapper\">\n\t\t\t\t\t\t\t<div class=\"epl-archive-entry-image\">\n\t\t\t\t\t\t\t<a href=\"https:\/\/caminoacasallr.org\/en\/property\/unidad-disponible-bayamon\/\">\n\t\t\t\t\t\t\t<div class=\"epl-blog-image\">\n\t\t\t\t\t\t\t<div class=\"epl-stickers-wrapper\">\n\t\t\t\t\t<\/div>\n\t\t\t\t\t\t\t<img loading=\"lazy\" decoding=\"async\" width=\"300\" height=\"200\" src=\"https:\/\/caminoacasallr.org\/wp-content\/uploads\/2023\/08\/Terraza-de-frente-300x200.jpeg\" class=\"teaser-left-thumb wp-post-image\" alt=\"\" \/>\t\t\t\t<\/div>\n\t\t\t\t\t\t\t<\/a>\n\t\t\t\t\t<\/div>\n\t\t\t\t\t\t\t<!-- Home Open -->\n\t\t\t\t\t\t\t\t\t<\/div>\n\t\t\t\n\t\t\t<div class=\"property-box property-box-right property-content\">\n\t\t\t\t<!-- Heading -->\n\t\t\t\t<h3 class=\"entry-title\"><a href=\"https:\/\/caminoacasallr.org\/en\/property\/unidad-disponible-bayamon\/\">Unidad Disponible, Bayam\u00f3n<\/a><\/h3>\n\t\t\t\t<div class=\"entry-content\">\n\t\t\t\t\t<div class=\"epl-excerpt-content\"><\/div>\t\t\t\t<\/div>\n\t\t\t\t<!-- Address -->\n\t\t\t\t<div class=\"property-address\">\n\t\t\t\t\t<a href=\"https:\/\/caminoacasallr.org\/en\/property\/unidad-disponible-bayamon\/\">\n\t\t\t\t\t\t\t\n\t\t\t<span class=\"entry-title-sub\">\n\t\t\t\t\t\t\t<span class=\"item-suburb\"><\/span>\n\t\t\t\t\n\t\t\t\t\t\t<span class=\"item-state\"><\/span>\n\t\t\t<span class=\"item-pcode\"><\/span>\n\t\t\t\t\t<\/span>\n\t\t\t\t\t\t\t<\/a>\n\t\t\t\t<\/div>\n\t\t\t\t<!-- Property Featured Icons -->\n\t\t\t\t<div class=\"property-feature-icons\">\n\t\t\t\t\t<div class=\"epl-icon-svg-container epl-icon-container-bed\">\n\t\t\t\t\t\t\t<div class=\"epl-icon epl-icon-svg bed\" title=\"Bedrooms\"><svg viewbox=\"0 0 100 100\" class=\"epl-icon-svg-bed\"><use xlink:href=\"#epl-icon-svg-bed\"><\/use><\/svg><\/div>\n\t\t\t\t\t\t\t<div class=\"icon-value\">3<\/div>\n\t\t\t\t\t\t<\/div><div class=\"epl-icon-svg-container epl-icon-container-bath\">\n\t\t\t\t\t\t\t<div class=\"epl-icon epl-icon-svg bath\" title=\"Bathrooms\"><svg viewbox=\"0 0 100 100\" class=\"epl-icon-svg-bath\"><use xlink:href=\"#epl-icon-svg-bath\"><\/use><\/svg><\/div>\n\t\t\t\t\t\t\t<div class=\"icon-value\">1<\/div>\n\t\t\t\t\t\t<\/div>\t\t\t\t<\/div>\n\t\t\t\t<!-- Price -->\n\t\t\t\t<div class=\"price\">\n\t\t\t\t\t<span class=\"page-price\">Solicitar Precio<\/span>\t\t\t\t<\/div>\n\t\t\t<\/div>\n\t\t\t<\/div>\n<\/div>\n\n<div id=\"post-357\" class=\"epl-listing-post epl-property-blog epl-clearfix post-357 property type-property status-publish has-post-thumbnail hentry epl-status-current\" >\n\t<div class=\"epl-property-blog-entry-wrapper epl-clearfix\">\n\t\t\t\t\t\t\t\t\t<div class=\"property-box property-box-left property-featured-image-wrapper\">\n\t\t\t\t\t\t\t<div class=\"epl-archive-entry-image\">\n\t\t\t\t\t\t\t<a href=\"https:\/\/caminoacasallr.org\/en\/property\/unidad-dispomible-rio-piedras-centro\/\">\n\t\t\t\t\t\t\t<div class=\"epl-blog-image\">\n\t\t\t\t\t\t\t<div class=\"epl-stickers-wrapper\">\n\t\t\t\t\t<\/div>\n\t\t\t\t\t\t\t<img loading=\"lazy\" decoding=\"async\" width=\"300\" height=\"200\" src=\"https:\/\/caminoacasallr.org\/wp-content\/uploads\/2023\/08\/Bano-1-300x200.jpeg\" class=\"teaser-left-thumb wp-post-image\" alt=\"\" \/>\t\t\t\t<\/div>\n\t\t\t\t\t\t\t<\/a>\n\t\t\t\t\t<\/div>\n\t\t\t\t\t\t\t<!-- Home Open -->\n\t\t\t\t\t\t\t\t\t<\/div>\n\t\t\t\n\t\t\t<div class=\"property-box property-box-right property-content\">\n\t\t\t\t<!-- Heading -->\n\t\t\t\t<h3 class=\"entry-title\"><a href=\"https:\/\/caminoacasallr.org\/en\/property\/unidad-dispomible-rio-piedras-centro\/\">Unidad Disponible, R\u00edo Piedras Centro<\/a><\/h3>\n\t\t\t\t<div class=\"entry-content\">\n\t\t\t\t\t<div class=\"epl-excerpt-content\"><p>Solicitar Precio<\/p>\n<\/div>\t\t\t\t<\/div>\n\t\t\t\t<!-- Address -->\n\t\t\t\t<div class=\"property-address\">\n\t\t\t\t\t<a href=\"https:\/\/caminoacasallr.org\/en\/property\/unidad-dispomible-rio-piedras-centro\/\">\n\t\t\t\t\t\t\t\n\t\t\t<span class=\"entry-title-sub\">\n\t\t\t\t\t\t\t<span class=\"item-suburb\"><\/span>\n\t\t\t\t\n\t\t\t\t\t\t<span class=\"item-state\"><\/span>\n\t\t\t<span class=\"item-pcode\"><\/span>\n\t\t\t\t\t<\/span>\n\t\t\t\t\t\t\t<\/a>\n\t\t\t\t<\/div>\n\t\t\t\t<!-- Property Featured Icons -->\n\t\t\t\t<div class=\"property-feature-icons\">\n\t\t\t\t\t<div class=\"epl-icon-svg-container epl-icon-container-bed\">\n\t\t\t\t\t\t\t<div class=\"epl-icon epl-icon-svg bed\" title=\"Bedrooms\"><svg viewbox=\"0 0 100 100\" class=\"epl-icon-svg-bed\"><use xlink:href=\"#epl-icon-svg-bed\"><\/use><\/svg><\/div>\n\t\t\t\t\t\t\t<div class=\"icon-value\">1<\/div>\n\t\t\t\t\t\t<\/div><div class=\"epl-icon-svg-container epl-icon-container-bath\">\n\t\t\t\t\t\t\t<div class=\"epl-icon epl-icon-svg bath\" title=\"Bathrooms\"><svg viewbox=\"0 0 100 100\" class=\"epl-icon-svg-bath\"><use xlink:href=\"#epl-icon-svg-bath\"><\/use><\/svg><\/div>\n\t\t\t\t\t\t\t<div class=\"icon-value\">1<\/div>\n\t\t\t\t\t\t<\/div>\t\t\t\t<\/div>\n\t\t\t\t<!-- Price -->\n\t\t\t\t<div class=\"price\">\n\t\t\t\t\t<span class=\"page-price\">Solicitar Precio<\/span>\t\t\t\t<\/div>\n\t\t\t<\/div>\n\t\t\t<\/div>\n<\/div>\n\n<div id=\"post-336\" class=\"epl-listing-post epl-property-blog epl-clearfix post-336 property type-property status-publish has-post-thumbnail hentry epl-status-current\" >\n\t<div class=\"epl-property-blog-entry-wrapper epl-clearfix\">\n\t\t\t\t\t\t\t\t\t<div class=\"property-box property-box-left property-featured-image-wrapper\">\n\t\t\t\t\t\t\t<div class=\"epl-archive-entry-image\">\n\t\t\t\t\t\t\t<a href=\"https:\/\/caminoacasallr.org\/en\/property\/unidad-disponible-san-jose-rio-piedras\/\">\n\t\t\t\t\t\t\t<div class=\"epl-blog-image\">\n\t\t\t\t\t\t\t<div class=\"epl-stickers-wrapper\">\n\t\t\t\t\t<\/div>\n\t\t\t\t\t\t\t<img loading=\"lazy\" decoding=\"async\" width=\"300\" height=\"200\" src=\"https:\/\/caminoacasallr.org\/wp-content\/uploads\/2023\/07\/WhatsApp-Image-2023-07-11-at-3.31.14-PM-300x200.jpeg\" class=\"teaser-left-thumb wp-post-image\" alt=\"\" \/>\t\t\t\t<\/div>\n\t\t\t\t\t\t\t<\/a>\n\t\t\t\t\t<\/div>\n\t\t\t\t\t\t\t<!-- Home Open -->\n\t\t\t\t\t\t\t\t\t<\/div>\n\t\t\t\n\t\t\t<div class=\"property-box property-box-right property-content\">\n\t\t\t\t<!-- Heading -->\n\t\t\t\t<h3 class=\"entry-title\"><a href=\"https:\/\/caminoacasallr.org\/en\/property\/unidad-disponible-san-jose-rio-piedras\/\">Unidad Disponible, San Jos\u00e9, R\u00edo Piedras<\/a><\/h3>\n\t\t\t\t<div class=\"entry-content\">\n\t\t\t\t\t<div class=\"epl-excerpt-content\"><\/div>\t\t\t\t<\/div>\n\t\t\t\t<!-- Address -->\n\t\t\t\t<div class=\"property-address\">\n\t\t\t\t\t<a href=\"https:\/\/caminoacasallr.org\/en\/property\/unidad-disponible-san-jose-rio-piedras\/\">\n\t\t\t\t\t\t\t\n\t\t\t<span class=\"entry-title-sub\">\n\t\t\t\t\t\t\t<span class=\"item-suburb\"><\/span>\n\t\t\t\t\n\t\t\t\t\t\t<span class=\"item-state\"><\/span>\n\t\t\t<span class=\"item-pcode\"><\/span>\n\t\t\t\t\t<\/span>\n\t\t\t\t\t\t\t<\/a>\n\t\t\t\t<\/div>\n\t\t\t\t<!-- Property Featured Icons -->\n\t\t\t\t<div class=\"property-feature-icons\">\n\t\t\t\t\t<div class=\"epl-icon-svg-container epl-icon-container-bed\">\n\t\t\t\t\t\t\t<div class=\"epl-icon epl-icon-svg bed\" title=\"Bedrooms\"><svg viewbox=\"0 0 100 100\" class=\"epl-icon-svg-bed\"><use xlink:href=\"#epl-icon-svg-bed\"><\/use><\/svg><\/div>\n\t\t\t\t\t\t\t<div class=\"icon-value\">2<\/div>\n\t\t\t\t\t\t<\/div><div class=\"epl-icon-svg-container epl-icon-container-bath\">\n\t\t\t\t\t\t\t<div class=\"epl-icon epl-icon-svg bath\" title=\"Bathrooms\"><svg viewbox=\"0 0 100 100\" class=\"epl-icon-svg-bath\"><use xlink:href=\"#epl-icon-svg-bath\"><\/use><\/svg><\/div>\n\t\t\t\t\t\t\t<div class=\"icon-value\">1<\/div>\n\t\t\t\t\t\t<\/div>\t\t\t\t<\/div>\n\t\t\t\t<!-- Price -->\n\t\t\t\t<div class=\"price\">\n\t\t\t\t\t<span class=\"page-price\">Solicitar Precio<\/span>\t\t\t\t<\/div>\n\t\t\t<\/div>\n\t\t\t<\/div>\n<\/div>\n\n<div id=\"post-326\" class=\"epl-listing-post epl-property-blog epl-clearfix post-326 property type-property status-publish has-post-thumbnail hentry epl-status-current\" >\n\t<div class=\"epl-property-blog-entry-wrapper epl-clearfix\">\n\t\t\t\t\t\t\t\t\t<div class=\"property-box property-box-left property-featured-image-wrapper\">\n\t\t\t\t\t\t\t<div class=\"epl-archive-entry-image\">\n\t\t\t\t\t\t\t<a href=\"https:\/\/caminoacasallr.org\/en\/property\/unidad-disponible\/\">\n\t\t\t\t\t\t\t<div class=\"epl-blog-image\">\n\t\t\t\t\t\t\t<div class=\"epl-stickers-wrapper\">\n\t\t\t\t\t<\/div>\n\t\t\t\t\t\t\t<img loading=\"lazy\" decoding=\"async\" width=\"300\" height=\"200\" src=\"https:\/\/caminoacasallr.org\/wp-content\/uploads\/2023\/07\/WhatsApp-Image-2023-07-11-at-3.31.10-PM-300x200.jpeg\" class=\"teaser-left-thumb wp-post-image\" alt=\"\" \/>\t\t\t\t<\/div>\n\t\t\t\t\t\t\t<\/a>\n\t\t\t\t\t<\/div>\n\t\t\t\t\t\t\t<!-- Home Open -->\n\t\t\t\t\t\t\t\t\t<\/div>\n\t\t\t\n\t\t\t<div class=\"property-box property-box-right property-content\">\n\t\t\t\t<!-- Heading -->\n\t\t\t\t<h3 class=\"entry-title\"><a href=\"https:\/\/caminoacasallr.org\/en\/property\/unidad-disponible\/\">Unidad Disponible, Santurce<\/a><\/h3>\n\t\t\t\t<div class=\"entry-content\">\n\t\t\t\t\t<div class=\"epl-excerpt-content\"><\/div>\t\t\t\t<\/div>\n\t\t\t\t<!-- Address -->\n\t\t\t\t<div class=\"property-address\">\n\t\t\t\t\t<a href=\"https:\/\/caminoacasallr.org\/en\/property\/unidad-disponible\/\">\n\t\t\t\t\t\t\t\n\t\t\t<span class=\"entry-title-sub\">\n\t\t\t\t\t\t\t<span class=\"item-suburb\"><\/span>\n\t\t\t\t\n\t\t\t\t\t\t<span class=\"item-state\"><\/span>\n\t\t\t<span class=\"item-pcode\"><\/span>\n\t\t\t\t\t<\/span>\n\t\t\t\t\t\t\t<\/a>\n\t\t\t\t<\/div>\n\t\t\t\t<!-- Property Featured Icons -->\n\t\t\t\t<div class=\"property-feature-icons\">\n\t\t\t\t\t<div class=\"epl-icon-svg-container epl-icon-container-bed\">\n\t\t\t\t\t\t\t<div class=\"epl-icon epl-icon-svg bed\" title=\"Bedrooms\"><svg viewbox=\"0 0 100 100\" class=\"epl-icon-svg-bed\"><use xlink:href=\"#epl-icon-svg-bed\"><\/use><\/svg><\/div>\n\t\t\t\t\t\t\t<div class=\"icon-value\">2<\/div>\n\t\t\t\t\t\t<\/div><div class=\"epl-icon-svg-container epl-icon-container-bath\">\n\t\t\t\t\t\t\t<div class=\"epl-icon epl-icon-svg bath\" title=\"Bathrooms\"><svg viewbox=\"0 0 100 100\" class=\"epl-icon-svg-bath\"><use xlink:href=\"#epl-icon-svg-bath\"><\/use><\/svg><\/div>\n\t\t\t\t\t\t\t<div class=\"icon-value\">1<\/div>\n\t\t\t\t\t\t<\/div>\t\t\t\t<\/div>\n\t\t\t\t<!-- Price -->\n\t\t\t\t<div class=\"price\">\n\t\t\t\t\t<span class=\"page-price\">Solicitar Precio<\/span>\t\t\t\t<\/div>\n\t\t\t<\/div>\n\t\t\t<\/div>\n<\/div>\n\t\t<\/div>\n\t\t<div class=\"loop-footer epl-clearfix\">\n\t\t\t\t<div class='epl-pagination'>\n<span class='pages'>Page 1 of 2<\/span><span class=\"current\" href=\"https:\/\/caminoacasallr.org\/en\/wp-json\/wp\/v2\/pages\/10\/?pagination_id=1&amp;instance_id=1\">1<\/span><a class=\"page larger\" href=\"https:\/\/caminoacasallr.org\/en\/wp-json\/wp\/v2\/pages\/10\/page\/2\/?pagination_id=1&amp;instance_id=1\">2<\/a><a class=\"nextpostslink\" rel=\"next\" href=\"https:\/\/caminoacasallr.org\/en\/wp-json\/wp\/v2\/pages\/10\/page\/2\/?pagination_id=1&amp;instance_id=1\">&raquo;<\/a>\n<\/div>\t\t<\/div>\n\t<\/div>\n\t\n\t\t\t<a href=\"http:\/\/caminoacasallr.org\/en\/propiedades\/\" target=\"_self\">\n\t\t\t\t\t\tSee Properties\n\t\t\t\t\t<\/a>\n<h2>\n\t\tAbout the Program\n\t<\/h2>\n\t<p>El programa de \u00abLandlord Engagement\u00bb, tambi\u00e9n conocido como \u00abLandlord Recruitment\u00bb, est\u00e1 dise\u00f1ado para atraer a los arrendadores a trav\u00e9s de incentivos para promover los arrendamientos a familias sin hogar o en riesgo de quedar sin hogar y otras familias vulnerables.<\/p>\n\t\t\t<a href=\"http:\/\/caminoacasallr.org\/en\/sobre-el-programa\/\" target=\"_self\">\n\t\t\t\t\t\t\tRead More\n\t\t\t<\/a>\n\t\t\t\t<img decoding=\"async\" src=\"http:\/\/caminoacasallr.org\/wp-content\/uploads\/2022\/12\/solo-por-hoy-logo.png\" alt=\"solo-por-hoy-logo\" itemprop=\"image\" title=\"solo-por-hoy-logo\" onerror=\"this.style.display='none'\"  \/>\n\t\t\t\t<img decoding=\"async\" src=\"http:\/\/caminoacasallr.org\/wp-content\/uploads\/2022\/12\/imagen-2-sin-fondo.png\" alt=\"imagen-2-sin-fondo\" itemprop=\"image\" title=\"imagen-2-sin-fondo\" onerror=\"this.style.display='none'\"  \/>","protected":false},"excerpt":{"rendered":"","protected":false},"author":1,"featured_media":0,"parent":0,"menu_order":0,"comment_status":"closed","ping_status":"closed","template":"","meta":{"site-sidebar-layout":"no-sidebar","site-content-layout":"page-builder","ast-site-content-layout":"default","site-content-style":"default","site-sidebar-style":"default","ast-global-header-display":"","ast-banner-title-visibility":"","ast-main-header-display":"","ast-hfb-above-header-display":"","ast-hfb-below-header-display":"","ast-hfb-mobile-header-display":"","site-post-title":"disabled","ast-breadcrumbs-content":"","ast-featured-img":"disabled","footer-sml-layout":"","ast-disable-related-posts":"","theme-transparent-header-meta":"","adv-header-id-meta":"","stick-header-meta":"","header-above-stick-meta":"","header-main-stick-meta":"","header-below-stick-meta":"","astra-migrate-meta-layouts":"default","ast-page-background-enabled":"default","ast-page-background-meta":{"desktop":{"background-color":"var(--ast-global-color-4)","background-image":"","background-repeat":"repeat","background-position":"center center","background-size":"auto","background-attachment":"scroll","background-type":"","background-media":"","overlay-type":"","overlay-color":"","overlay-opacity":"","overlay-gradient":""},"tablet":{"background-color":"","background-image":"","background-repeat":"repeat","background-position":"center center","background-size":"auto","background-attachment":"scroll","background-type":"","background-media":"","overlay-type":"","overlay-color":"","overlay-opacity":"","overlay-gradient":""},"mobile":{"background-color":"","background-image":"","background-repeat":"repeat","background-position":"center center","background-size":"auto","background-attachment":"scroll","background-type":"","background-media":"","overlay-type":"","overlay-color":"","overlay-opacity":"","overlay-gradient":""}},"ast-content-background-meta":{"desktop":{"background-color":"var(--ast-global-color-5)","background-image":"","background-repeat":"repeat","background-position":"center center","background-size":"auto","background-attachment":"scroll","background-type":"","background-media":"","overlay-type":"","overlay-color":"","overlay-opacity":"","overlay-gradient":""},"tablet":{"background-color":"var(--ast-global-color-5)","background-image":"","background-repeat":"repeat","background-position":"center center","background-size":"auto","background-attachment":"scroll","background-type":"","background-media":"","overlay-type":"","overlay-color":"","overlay-opacity":"","overlay-gradient":""},"mobile":{"background-color":"var(--ast-global-color-5)","background-image":"","background-repeat":"repeat","background-position":"center center","background-size":"auto","background-attachment":"scroll","background-type":"","background-media":"","overlay-type":"","overlay-color":"","overlay-opacity":"","overlay-gradient":""}},"footnotes":""},"class_list":["post-10","page","type-page","status-publish","hentry","epl-status-current"],"_links":{"self":[{"href":"https:\/\/caminoacasallr.org\/en\/wp-json\/wp\/v2\/pages\/10","targetHints":{"allow":["GET"]}}],"collection":[{"href":"https:\/\/caminoacasallr.org\/en\/wp-json\/wp\/v2\/pages"}],"about":[{"href":"https:\/\/caminoacasallr.org\/en\/wp-json\/wp\/v2\/types\/page"}],"author":[{"embeddable":true,"href":"https:\/\/caminoacasallr.org\/en\/wp-json\/wp\/v2\/users\/1"}],"replies":[{"embeddable":true,"href":"https:\/\/caminoacasallr.org\/en\/wp-json\/wp\/v2\/comments?post=10"}],"version-history":[{"count":55,"href":"https:\/\/caminoacasallr.org\/en\/wp-json\/wp\/v2\/pages\/10\/revisions"}],"predecessor-version":[{"id":403,"href":"https:\/\/caminoacasallr.org\/en\/wp-json\/wp\/v2\/pages\/10\/revisions\/403"}],"wp:attachment":[{"href":"https:\/\/caminoacasallr.org\/en\/wp-json\/wp\/v2\/media?parent=10"}],"curies":[{"name":"wp","href":"https:\/\/api.w.org\/{rel}","templated":true}]}}